{"id":2203,"date":"2025-11-10T15:55:38","date_gmt":"2025-11-10T13:55:38","guid":{"rendered":"https:\/\/bookmaker-casino-online.top\/?page_id=2203"},"modified":"2025-11-10T15:55:38","modified_gmt":"2025-11-10T13:55:38","slug":"m%c9%99xfilik-siyas%c9%99ti","status":"publish","type":"page","link":"https:\/\/bookmaker-casino-online.top\/az\/m%c9%99xfilik-siyas%c9%99ti\/","title":{"rendered":"M\u0259xfilik Siyas\u0259ti"},"content":{"rendered":"<h1>M\u0259xfilik Siyas\u0259ti<\/h1>\n<p>Bilirik ki, etibar m\u0259lumatlar\u0131n qorunmas\u0131na inamla ba\u015flay\u0131r. Buna g\u00f6r\u0259 d\u0259 platformam\u0131z \u015f\u0259xsi m\u0259lumatlar\u0131n\u0131z\u0131n m\u00fcmk\u00fcn q\u0259d\u0259r tam qorunmas\u0131n\u0131 t\u0259min etm\u0259k \u00fc\u00e7\u00fcn haz\u0131rlanm\u0131\u015fd\u0131r. Bizim \u00fc\u00e7\u00fcn m\u0259xfilik r\u0259smi bir \u00f6hd\u0259lik deyil, d\u00fcr\u00fcst qar\u015f\u0131l\u0131ql\u0131 \u0259laq\u0259 v\u0259 h\u0259r bir istifad\u0259\u00e7iy\u0259 h\u00f6rm\u0259tin qarantiyas\u0131d\u0131r.<\/p>\n<h3>Platforma m\u0259lumatlar\u0131n\u0131z\u0131 nec\u0259 idar\u0259 edir<\/h3>\n<p>D\u00fczg\u00fcn i\u015fl\u0259m\u0259yi v\u0259 y\u00fcks\u0259k s\u0259viyy\u0259li xidm\u0259ti t\u0259min etm\u0259k \u00fc\u00e7\u00fcn yaln\u0131z h\u0259qiq\u0259t\u0259n z\u0259ruri olan m\u0259lumatlar\u0131 emal edirik. \u015e\u0259xsi m\u0259lumatlar platforma istifad\u0259\u00e7i t\u0259cr\u00fcb\u0259sini f\u0259rdil\u0259\u015fdirm\u0259y\u0259 v\u0259 rahat etm\u0259y\u0259 k\u00f6m\u0259k edir, cihaz\u0131n\u0131z\u0131n texniki parametrl\u0259ri is\u0259 funksionall\u0131\u011f\u0131 art\u0131rma\u011fa v\u0259 fasil\u0259siz sabit i\u015fl\u0259m\u0259yi t\u0259min etm\u0259y\u0259 imkan verir.<\/p>\n<h3>Ald\u0131\u011f\u0131m\u0131z m\u0259lumatlardan niy\u0259 istifad\u0259 edirik<\/h3>\n<p>Platformaya etibar etdiyiniz b\u00fct\u00fcn m\u0259lumatlar yaln\u0131z xidm\u0259t keyfiyy\u0259tini art\u0131rmaq \u00fc\u00e7\u00fcn istifad\u0259 olunur. Bu, sor\u011fular\u0131n\u0131za daha tez cavab verm\u0259yimiz\u0259, \u0259m\u0259liyyatlar\u0131 qoruma\u011f\u0131m\u0131za v\u0259 potensial nasazl\u0131qlar\u0131n qar\u015f\u0131s\u0131n\u0131 alma\u011f\u0131m\u0131za imkan verir. Raz\u0131l\u0131\u011f\u0131n\u0131z olmadan he\u00e7 vaxt m\u0259lumat\u0131 \u00fc\u00e7\u00fcnc\u00fc t\u0259r\u0259fl\u0259rl\u0259 payla\u015fm\u0131r\u0131q &#8212; bu, bizim prinsipimiz v\u0259 z\u0259man\u0259timizdir.<\/p>\n<h3>T\u0259hl\u00fck\u0259sizliyinizi qoruyan texnologiyalar<\/h3>\n<p>M\u0259lumatlar\u0131n qorunmas\u0131 \u0259n y\u00fcks\u0259k standartlara cavab ver\u0259n m\u00fcasir texnologiyalarla t\u0259min edilir. Biz \u015fifr\u0259l\u0259m\u0259 sisteml\u0259rind\u0259n, \u00e7oxqatl\u0131 t\u0259hl\u00fck\u0259sizlikd\u0259n v\u0259 davaml\u0131 proses monitorinqind\u0259n istifad\u0259 edirik. Bu yana\u015fma icaz\u0259siz giri\u015f ehtimal\u0131n\u0131 aradan qald\u0131r\u0131r v\u0259 platforma il\u0259 qar\u015f\u0131l\u0131ql\u0131 \u0259laq\u0259ni son d\u0259r\u0259c\u0259 t\u0259hl\u00fck\u0259siz edir.<\/p>\n<h3>\u0130nformasiya \u00fcz\u0259rind\u0259 h\u00fcquqlar\u0131n\u0131z v\u0259 n\u0259zar\u0259tiniz<\/h3>\n<p>Siz h\u0259mi\u015f\u0259 m\u0259lumatlar\u0131n\u0131za tam n\u0259zar\u0259ti \u00f6z \u0259linizd\u0259 saxlay\u0131rs\u0131n\u0131z. Laz\u0131m olduqda m\u0259lumatlara daxil ola, redakt\u0259 ed\u0259 v\u0259 ya sil\u0259 bil\u0259rsiniz. M\u0259xfilik parametrl\u0259ri d\u0259 m\u00f6vcuddur ki, bu da siz\u0259 \u0259n uy\u011fun n\u0259zar\u0259t s\u0259viyy\u0259sini se\u00e7m\u0259y\u0259 imkan verir.<\/p>\n<h3>Daimi Yenil\u0259m\u0259l\u0259r v\u0259 \u015e\u0259ffafl\u0131q<\/h3>\n<p>Texnologiya d\u00fcnyas\u0131 inki\u015faf edir v\u0259 platformam\u0131z da onunla birlikd\u0259 inki\u015faf edir. M\u0259xfilik siyas\u0259timiz qanuni t\u0259l\u0259bl\u0259r\u0259 v\u0259 yeni xidm\u0259t x\u00fcsusiyy\u0259tl\u0259rin\u0259 uy\u011fun olaraq m\u00fcnt\u0259z\u0259m olaraq yenil\u0259nir. \u015e\u0259ffafl\u0131\u011f\u0131 v\u0259 proqnozla\u015fd\u0131r\u0131la bil\u0259nliyi qoruyaraq, h\u0259mi\u015f\u0259 bu s\u0259n\u0259din \u0259n son versiyas\u0131n\u0131 a\u00e7\u0131q \u015f\u0259kild\u0259 t\u0259qdim edirik.<\/p>\n<h3>Platforma F\u0259ls\u0259f\u0259sinin Bir Hiss\u0259si Kimi M\u0259xfilik<\/h3>\n<p>M\u0259lumatlar\u0131n qorunmas\u0131na f\u0259ls\u0259f\u0259mizin ayr\u0131lmaz hiss\u0259si kimi bax\u0131r\u0131q. Bizim \u00fc\u00e7\u00fcn bu, sad\u0259c\u0259 bir \u00f6hd\u0259lik deyil; bu, h\u0259r bir istifad\u0259\u00e7iy\u0259 h\u00f6rm\u0259t \u0259lam\u0259tidir. Platformam\u0131z m\u0259lumatlar\u0131n\u0131z\u0131n t\u0259hl\u00fck\u0259siz \u015f\u0259kild\u0259 qorundu\u011funa \u0259min ola bil\u0259c\u0259yiniz bir etimad m\u0259kan\u0131 yarad\u0131r.<\/p>\n","protected":false},"excerpt":{"rendered":"<p>M\u0259xfilik Siyas\u0259ti Bilirik ki, etibar m\u0259lumatlar\u0131n qorunmas\u0131na inamla ba\u015flay\u0131r. Buna g\u00f6r\u0259 d\u0259 platformam\u0131z \u015f\u0259xsi m\u0259lumatlar\u0131n\u0131z\u0131n m\u00fcmk\u00fcn q\u0259d\u0259r tam qorunmas\u0131n\u0131 t\u0259min etm\u0259k \u00fc\u00e7\u00fcn haz\u0131rlanm\u0131\u015fd\u0131r. Bizim \u00fc\u00e7\u00fcn m\u0259xfilik r\u0259smi bir \u00f6hd\u0259lik deyil, d\u00fcr\u00fcst qar\u015f\u0131l\u0131ql\u0131 \u0259laq\u0259 v\u0259 h\u0259r bir istifad\u0259\u00e7iy\u0259 h\u00f6rm\u0259tin qarantiyas\u0131d\u0131r. Platforma m\u0259lumatlar\u0131n\u0131z\u0131 nec\u0259 idar\u0259 edir D\u00fczg\u00fcn i\u015fl\u0259m\u0259yi v\u0259 y\u00fcks\u0259k s\u0259viyy\u0259li xidm\u0259ti t\u0259min etm\u0259k \u00fc\u00e7\u00fcn yaln\u0131z h\u0259qiq\u0259t\u0259n [&hellip;]<\/p>\n","protected":false},"author":1,"featured_media":0,"parent":0,"menu_order":0,"comment_status":"closed","ping_status":"closed","template":"","meta":{"_acf_changed":false,"footnotes":""},"class_list":["post-2203","page","type-page","status-publish","hentry"],"acf":[],"yoast_head":"<!-- This site is optimized with the Yoast SEO plugin v26.9 - https:\/\/yoast.com\/product\/yoast-seo-wordpress\/ -->\n<title>M\u0259xfilik Siyas\u0259ti\u00a0| 1xbet<\/title>\n<meta name=\"robots\" content=\"index, follow, max-snippet:-1, max-image-preview:large, max-video-preview:-1\" \/>\n<link rel=\"canonical\" href=\"https:\/\/bookmaker-casino-online.top\/az\/m\u0259xfilik-siyas\u0259ti\/\" \/>\n<meta property=\"og:locale\" content=\"ru_RU\" \/>\n<meta property=\"og:type\" content=\"article\" \/>\n<meta property=\"og:title\" content=\"M\u0259xfilik Siyas\u0259ti\u00a0| 1xbet\" \/>\n<meta property=\"og:description\" content=\"M\u0259xfilik Siyas\u0259ti Bilirik ki, etibar m\u0259lumatlar\u0131n qorunmas\u0131na inamla ba\u015flay\u0131r. Buna g\u00f6r\u0259 d\u0259 platformam\u0131z \u015f\u0259xsi m\u0259lumatlar\u0131n\u0131z\u0131n m\u00fcmk\u00fcn q\u0259d\u0259r tam qorunmas\u0131n\u0131 t\u0259min etm\u0259k \u00fc\u00e7\u00fcn haz\u0131rlanm\u0131\u015fd\u0131r. Bizim \u00fc\u00e7\u00fcn m\u0259xfilik r\u0259smi bir \u00f6hd\u0259lik deyil, d\u00fcr\u00fcst qar\u015f\u0131l\u0131ql\u0131 \u0259laq\u0259 v\u0259 h\u0259r bir istifad\u0259\u00e7iy\u0259 h\u00f6rm\u0259tin qarantiyas\u0131d\u0131r. Platforma m\u0259lumatlar\u0131n\u0131z\u0131 nec\u0259 idar\u0259 edir D\u00fczg\u00fcn i\u015fl\u0259m\u0259yi v\u0259 y\u00fcks\u0259k s\u0259viyy\u0259li xidm\u0259ti t\u0259min etm\u0259k \u00fc\u00e7\u00fcn yaln\u0131z h\u0259qiq\u0259t\u0259n [&hellip;]\" \/>\n<meta property=\"og:url\" content=\"https:\/\/bookmaker-casino-online.top\/az\/m\u0259xfilik-siyas\u0259ti\/\" \/>\n<meta property=\"og:site_name\" content=\"bookmaker-casino-online.top\" \/>\n<meta name=\"twitter:card\" content=\"summary_large_image\" \/>\n<script type=\"application\/ld+json\" class=\"yoast-schema-graph\">{\"@context\":\"https:\/\/schema.org\",\"@graph\":[{\"@type\":\"WebPage\",\"@id\":\"https:\/\/bookmaker-casino-online.top\/az\/m%c9%99xfilik-siyas%c9%99ti\/\",\"url\":\"https:\/\/bookmaker-casino-online.top\/az\/m%c9%99xfilik-siyas%c9%99ti\/\",\"name\":\"M\u0259xfilik Siyas\u0259ti\u00a0| 1xbet\",\"isPartOf\":{\"@id\":\"https:\/\/bookmaker-casino-online.top\/#website\"},\"datePublished\":\"2025-11-10T13:55:38+00:00\",\"breadcrumb\":{\"@id\":\"https:\/\/bookmaker-casino-online.top\/az\/m%c9%99xfilik-siyas%c9%99ti\/#breadcrumb\"},\"inLanguage\":\"ru-RU\",\"potentialAction\":[{\"@type\":\"ReadAction\",\"target\":[\"https:\/\/bookmaker-casino-online.top\/az\/m%c9%99xfilik-siyas%c9%99ti\/\"]}]},{\"@type\":\"BreadcrumbList\",\"@id\":\"https:\/\/bookmaker-casino-online.top\/az\/m%c9%99xfilik-siyas%c9%99ti\/#breadcrumb\",\"itemListElement\":[{\"@type\":\"ListItem\",\"position\":1,\"name\":\"\u0413\u043b\u0430\u0432\u043d\u0430\u044f \u0441\u0442\u0440\u0430\u043d\u0438\u0446\u0430\",\"item\":\"https:\/\/bookmaker-casino-online.top\/\"},{\"@type\":\"ListItem\",\"position\":2,\"name\":\"M\u0259xfilik Siyas\u0259ti\"}]},{\"@type\":\"WebSite\",\"@id\":\"https:\/\/bookmaker-casino-online.top\/#website\",\"url\":\"https:\/\/bookmaker-casino-online.top\/\",\"name\":\"bookmaker-casino-online.top\",\"description\":\"\",\"potentialAction\":[{\"@type\":\"SearchAction\",\"target\":{\"@type\":\"EntryPoint\",\"urlTemplate\":\"https:\/\/bookmaker-casino-online.top\/?s={search_term_string}\"},\"query-input\":{\"@type\":\"PropertyValueSpecification\",\"valueRequired\":true,\"valueName\":\"search_term_string\"}}],\"inLanguage\":\"ru-RU\"}]}<\/script>\n<!-- \/ Yoast SEO plugin. -->","yoast_head_json":{"title":"M\u0259xfilik Siyas\u0259ti\u00a0| 1xbet","robots":{"index":"index","follow":"follow","max-snippet":"max-snippet:-1","max-image-preview":"max-image-preview:large","max-video-preview":"max-video-preview:-1"},"canonical":"https:\/\/bookmaker-casino-online.top\/az\/m\u0259xfilik-siyas\u0259ti\/","og_locale":"ru_RU","og_type":"article","og_title":"M\u0259xfilik Siyas\u0259ti\u00a0| 1xbet","og_description":"M\u0259xfilik Siyas\u0259ti Bilirik ki, etibar m\u0259lumatlar\u0131n qorunmas\u0131na inamla ba\u015flay\u0131r. Buna g\u00f6r\u0259 d\u0259 platformam\u0131z \u015f\u0259xsi m\u0259lumatlar\u0131n\u0131z\u0131n m\u00fcmk\u00fcn q\u0259d\u0259r tam qorunmas\u0131n\u0131 t\u0259min etm\u0259k \u00fc\u00e7\u00fcn haz\u0131rlanm\u0131\u015fd\u0131r. Bizim \u00fc\u00e7\u00fcn m\u0259xfilik r\u0259smi bir \u00f6hd\u0259lik deyil, d\u00fcr\u00fcst qar\u015f\u0131l\u0131ql\u0131 \u0259laq\u0259 v\u0259 h\u0259r bir istifad\u0259\u00e7iy\u0259 h\u00f6rm\u0259tin qarantiyas\u0131d\u0131r. Platforma m\u0259lumatlar\u0131n\u0131z\u0131 nec\u0259 idar\u0259 edir D\u00fczg\u00fcn i\u015fl\u0259m\u0259yi v\u0259 y\u00fcks\u0259k s\u0259viyy\u0259li xidm\u0259ti t\u0259min etm\u0259k \u00fc\u00e7\u00fcn yaln\u0131z h\u0259qiq\u0259t\u0259n [&hellip;]","og_url":"https:\/\/bookmaker-casino-online.top\/az\/m\u0259xfilik-siyas\u0259ti\/","og_site_name":"bookmaker-casino-online.top","twitter_card":"summary_large_image","schema":{"@context":"https:\/\/schema.org","@graph":[{"@type":"WebPage","@id":"https:\/\/bookmaker-casino-online.top\/az\/m%c9%99xfilik-siyas%c9%99ti\/","url":"https:\/\/bookmaker-casino-online.top\/az\/m%c9%99xfilik-siyas%c9%99ti\/","name":"M\u0259xfilik Siyas\u0259ti\u00a0| 1xbet","isPartOf":{"@id":"https:\/\/bookmaker-casino-online.top\/#website"},"datePublished":"2025-11-10T13:55:38+00:00","breadcrumb":{"@id":"https:\/\/bookmaker-casino-online.top\/az\/m%c9%99xfilik-siyas%c9%99ti\/#breadcrumb"},"inLanguage":"ru-RU","potentialAction":[{"@type":"ReadAction","target":["https:\/\/bookmaker-casino-online.top\/az\/m%c9%99xfilik-siyas%c9%99ti\/"]}]},{"@type":"BreadcrumbList","@id":"https:\/\/bookmaker-casino-online.top\/az\/m%c9%99xfilik-siyas%c9%99ti\/#breadcrumb","itemListElement":[{"@type":"ListItem","position":1,"name":"\u0413\u043b\u0430\u0432\u043d\u0430\u044f \u0441\u0442\u0440\u0430\u043d\u0438\u0446\u0430","item":"https:\/\/bookmaker-casino-online.top\/"},{"@type":"ListItem","position":2,"name":"M\u0259xfilik Siyas\u0259ti"}]},{"@type":"WebSite","@id":"https:\/\/bookmaker-casino-online.top\/#website","url":"https:\/\/bookmaker-casino-online.top\/","name":"bookmaker-casino-online.top","description":"","potentialAction":[{"@type":"SearchAction","target":{"@type":"EntryPoint","urlTemplate":"https:\/\/bookmaker-casino-online.top\/?s={search_term_string}"},"query-input":{"@type":"PropertyValueSpecification","valueRequired":true,"valueName":"search_term_string"}}],"inLanguage":"ru-RU"}]}},"amp_enabled":true,"_links":{"self":[{"href":"https:\/\/bookmaker-casino-online.top\/wp-json\/wp\/v2\/pages\/2203","targetHints":{"allow":["GET"]}}],"collection":[{"href":"https:\/\/bookmaker-casino-online.top\/wp-json\/wp\/v2\/pages"}],"about":[{"href":"https:\/\/bookmaker-casino-online.top\/wp-json\/wp\/v2\/types\/page"}],"author":[{"embeddable":true,"href":"https:\/\/bookmaker-casino-online.top\/wp-json\/wp\/v2\/users\/1"}],"replies":[{"embeddable":true,"href":"https:\/\/bookmaker-casino-online.top\/wp-json\/wp\/v2\/comments?post=2203"}],"version-history":[{"count":1,"href":"https:\/\/bookmaker-casino-online.top\/wp-json\/wp\/v2\/pages\/2203\/revisions"}],"predecessor-version":[{"id":2204,"href":"https:\/\/bookmaker-casino-online.top\/wp-json\/wp\/v2\/pages\/2203\/revisions\/2204"}],"wp:attachment":[{"href":"https:\/\/bookmaker-casino-online.top\/wp-json\/wp\/v2\/media?parent=2203"}],"curies":[{"name":"wp","href":"https:\/\/api.w.org\/{rel}","templated":true}]}}