{"id":2199,"date":"2025-11-10T15:50:04","date_gmt":"2025-11-10T13:50:04","guid":{"rendered":"https:\/\/bookmaker-casino-online.top\/?page_id=2199"},"modified":"2025-11-10T15:50:04","modified_gmt":"2025-11-10T13:50:04","slug":"m%c9%99suliyy%c9%99tli-oyunlar","status":"publish","type":"page","link":"https:\/\/bookmaker-casino-online.top\/az\/m%c9%99suliyy%c9%99tli-oyunlar\/","title":{"rendered":"M\u0259suliyy\u0259tli Oyunlar"},"content":{"rendered":"<h1>M\u0259suliyy\u0259tli Oyunlar<\/h1>\n<p>Platformam\u0131zda m\u0259suliyy\u0259tli oyunlar formall\u0131q deyil, etibar, rahatl\u0131q v\u0259 istifad\u0259\u00e7i z\u00f6vq\u00fc yaradan \u0259sas prinsipdir. Biz qumara h\u0259r bir oyun\u00e7unun n\u0259zar\u0259td\u0259 qald\u0131\u011f\u0131, canl\u0131 emosiyalar ya\u015fad\u0131\u011f\u0131 v\u0259 \u00f6z\u00fcn\u0259inaml\u0131 oldu\u011fu \u015f\u00fcurlu \u0259yl\u0259nc\u0259 kimi bax\u0131r\u0131q. Psixoloji v\u0259 maliyy\u0259 rifah\u0131na qay\u011f\u0131 g\u00f6st\u0259rm\u0259k sad\u0259c\u0259 bir qayda deyil, f\u0259ls\u0259f\u0259mizdir.<\/p>\n<h3>Diqq\u0259tli Yana\u015fma v\u0259 Maarifl\u0259ndirm\u0259<\/h3>\n<p>Biz inan\u0131r\u0131q ki, qumara sa\u011flam yana\u015fma maarifl\u0259ndirm\u0259d\u0259n ba\u015flay\u0131r. Buna g\u00f6r\u0259 d\u0259 istifad\u0259\u00e7il\u0259r\u0259 daxili tarazl\u0131\u011f\u0131 qoruma\u011fa k\u00f6m\u0259k ed\u0259n materiallar v\u0259 t\u00f6vsiy\u0259l\u0259r t\u0259qdim edirik. Siz\u0259 a\u015fa\u011f\u0131dak\u0131lar\u0131n n\u0259 q\u0259d\u0259r vacib oldu\u011funu xat\u0131rlad\u0131r\u0131q:<\/p>\n<ul>\n<li>oynayark\u0259n m\u00fcnt\u0259z\u0259m fasil\u0259l\u0259r almaq;<\/li>\n<li>istirah\u0259t\u0259 v\u0259 sa\u011falmaya diqq\u0259t yetirm\u0259k;<\/li>\n<li>n\u0259 vaxt dayanaca\u011f\u0131n\u0131 bilm\u0259k;<\/li>\n<li>y\u00fcng\u00fcl \u0259yl\u0259nc\u0259 il\u0259 h\u0259ddind\u0259n art\u0131q ehtiras aras\u0131nda f\u0259rq qoymaq;<\/li>\n<li>qumarla \u0259laq\u0259li riskl\u0259ri anlamaq.<\/li>\n<\/ul>\n<h3>\u00d6z\u00fcn\u00fcidar\u0259etm\u0259 Vasit\u0259l\u0259ri<\/h3>\n<p>Platformam\u0131z\u0131n h\u0259r bir istifad\u0259\u00e7isi n\u0259zar\u0259ti saxlama\u011fa v\u0259 \u00f6zl\u0259rini rahat hiss etm\u0259y\u0259 k\u00f6m\u0259k ed\u0259n x\u00fcsusiyy\u0259tl\u0259r\u0259 \u00e7\u0131x\u0131\u015f \u0259ld\u0259 edir. Bunlara a\u015fa\u011f\u0131dak\u0131lar daxildir:<\/p>\n<ul>\n<li>b\u00fcdc\u0259nin idar\u0259 edilm\u0259si \u00fc\u00e7\u00fcn depozit m\u0259bl\u0259\u011finin m\u0259hdudla\u015fd\u0131r\u0131lmas\u0131;<\/li>\n<li>oyun zaman\u0131 s\u0259rf olunan vaxta m\u0259hdudiyy\u0259tl\u0259r qoymaq;<\/li>\n<li>fasil\u0259 etm\u0259k laz\u0131m g\u0259l\u0259rs\u0259, hesab\u0131n m\u00fcv\u0259qq\u0259ti bloklanmas\u0131;<\/li>\n<li>qar\u015f\u0131l\u0131ql\u0131 \u0259laq\u0259 \u015f\u0259rtl\u0259rini m\u00fcst\u0259qil \u015f\u0259kild\u0259 t\u0259nziml\u0259m\u0259k imkan\u0131.<\/li>\n<\/ul>\n<h3>h\u0259r bir istifad\u0259\u00e7i \u00fc\u00e7\u00fcn d\u0259st\u0259k v\u0259 qay\u011f\u0131<\/h3>\n<p>D\u0259st\u0259k xidm\u0259timiz r\u0259smi cavablardan daha \u00e7ox \u015fey\u0259 malikdir. H\u0259r bir v\u0259ziyy\u0259t\u0259 diqq\u0259t yetirm\u0259yi y\u00fcks\u0259k qiym\u0259tl\u0259ndiririk, ona g\u00f6r\u0259 d\u0259 a\u015fa\u011f\u0131dak\u0131lar\u0131 t\u0259klif edirik:<\/p>\n<ul>\n<li>h\u0259r bir sor\u011fuya f\u0259rdi yana\u015fma;<\/li>\n<li>\u00e7\u0259tinlikl\u0259r yarand\u0131qda emosional d\u0259st\u0259k;<\/li>\n<li>standart \u015fablonlar \u0259v\u0259zin\u0259 real h\u0259ll\u0259r;<\/li>\n<li>qumar as\u0131l\u0131l\u0131\u011f\u0131 olan insanlara k\u00f6m\u0259k ed\u0259n ixtisasla\u015fm\u0131\u015f t\u0259\u015fkilatlar\u0131n \u0259laq\u0259l\u0259ri.<\/li>\n<\/ul>\n<h3>Oyun prosesinin \u015f\u0259ffafl\u0131\u011f\u0131 v\u0259 \u0259dal\u0259tliliyi<\/h3>\n<p>Platforman\u0131 a\u00e7\u0131ql\u0131q prinsipl\u0259ri \u00fcz\u0259rind\u0259 qururuq. Bizim \u00fc\u00e7\u00fcn bu o dem\u0259kdir:<\/p>\n<ul>\n<li>B\u00fct\u00fcn bonus v\u0259 promosyon \u015f\u0259rtl\u0259ri v\u0259 qaydalar\u0131 ayd\u0131n v\u0259 ba\u015fa d\u00fc\u015f\u00fcl\u0259n \u015f\u0259kild\u0259 t\u0259qdim olunur;<\/li>\n<li>Oyun prosesi sertifikatla\u015fd\u0131r\u0131lm\u0131\u015f alqoritml\u0259r\u0259 \u0259saslan\u0131r;<\/li>\n<li>N\u0259tic\u0259l\u0259ri manipulyasiya etm\u0259k ehtimal\u0131 istisna olunur;<\/li>\n<li>Oyunun n\u0259tic\u0259si yaln\u0131z istifad\u0259\u00e7inin strategiyas\u0131ndan, intuisiyas\u0131ndan v\u0259 \u015fans\u0131ndan as\u0131l\u0131d\u0131r.<\/li>\n<\/ul>\n<h3>Se\u00e7im v\u0259 Rahatl\u0131q Azadl\u0131\u011f\u0131<\/h3>\n<p>Bizim \u00fc\u00e7\u00fcn m\u0259suliyy\u0259tli oyun h\u0259r bir oyun\u00e7unun azadl\u0131\u011f\u0131 dem\u0259kdir. Bu o dem\u0259kdir ki, istifad\u0259\u00e7i a\u015fa\u011f\u0131dak\u0131lar\u0131 ed\u0259 bil\u0259r:<\/p>\n<ul>\n<li>Vaxt\u0131nda dayanaraq tarazl\u0131\u011f\u0131 qoruya bil\u0259r;<\/li>\n<li>Laz\u0131ms\u0131z t\u0259zyiq olmadan udu\u015flardan h\u0259zz ala bil\u0259r;<\/li>\n<li>Oyun sessiyas\u0131n\u0131 ist\u0259nil\u0259n vaxt bitir\u0259 bil\u0259r;<\/li>\n<li>Qumar oyunlar\u0131na asud\u0259 vaxt\u0131n y\u00fcng\u00fcl v\u0259 \u015f\u0259n bir hiss\u0259si kimi baxa bil\u0259r.<\/li>\n<\/ul>\n<p>M\u0259xfilik, t\u0259hl\u00fck\u0259sizlik v\u0259 rifah \u00fc\u00e7\u00fcn qay\u011f\u0131 sad\u0259c\u0259 s\u00f6zl\u0259r deyil, i\u015fimizin \u0259sl f\u0259ls\u0259f\u0259sidir.<\/p>\n","protected":false},"excerpt":{"rendered":"<p>M\u0259suliyy\u0259tli Oyunlar Platformam\u0131zda m\u0259suliyy\u0259tli oyunlar formall\u0131q deyil, etibar, rahatl\u0131q v\u0259 istifad\u0259\u00e7i z\u00f6vq\u00fc yaradan \u0259sas prinsipdir. Biz qumara h\u0259r bir oyun\u00e7unun n\u0259zar\u0259td\u0259 qald\u0131\u011f\u0131, canl\u0131 emosiyalar ya\u015fad\u0131\u011f\u0131 v\u0259 \u00f6z\u00fcn\u0259inaml\u0131 oldu\u011fu \u015f\u00fcurlu \u0259yl\u0259nc\u0259 kimi bax\u0131r\u0131q. Psixoloji v\u0259 maliyy\u0259 rifah\u0131na qay\u011f\u0131 g\u00f6st\u0259rm\u0259k sad\u0259c\u0259 bir qayda deyil, f\u0259ls\u0259f\u0259mizdir. Diqq\u0259tli Yana\u015fma v\u0259 Maarifl\u0259ndirm\u0259 Biz inan\u0131r\u0131q ki, qumara sa\u011flam yana\u015fma maarifl\u0259ndirm\u0259d\u0259n ba\u015flay\u0131r. [&hellip;]<\/p>\n","protected":false},"author":1,"featured_media":0,"parent":0,"menu_order":0,"comment_status":"closed","ping_status":"closed","template":"","meta":{"_acf_changed":false,"footnotes":""},"class_list":["post-2199","page","type-page","status-publish","hentry"],"acf":[],"yoast_head":"<!-- This site is optimized with the Yoast SEO plugin v26.9 - https:\/\/yoast.com\/product\/yoast-seo-wordpress\/ -->\n<title>M\u0259suliyy\u0259tli Oyunlar | 1xbet<\/title>\n<meta name=\"robots\" content=\"index, follow, max-snippet:-1, max-image-preview:large, max-video-preview:-1\" \/>\n<link rel=\"canonical\" href=\"https:\/\/bookmaker-casino-online.top\/az\/m\u0259suliyy\u0259tli-oyunlar\/\" \/>\n<meta property=\"og:locale\" content=\"ru_RU\" \/>\n<meta property=\"og:type\" content=\"article\" \/>\n<meta property=\"og:title\" content=\"M\u0259suliyy\u0259tli Oyunlar | 1xbet\" \/>\n<meta property=\"og:description\" content=\"M\u0259suliyy\u0259tli Oyunlar Platformam\u0131zda m\u0259suliyy\u0259tli oyunlar formall\u0131q deyil, etibar, rahatl\u0131q v\u0259 istifad\u0259\u00e7i z\u00f6vq\u00fc yaradan \u0259sas prinsipdir. Biz qumara h\u0259r bir oyun\u00e7unun n\u0259zar\u0259td\u0259 qald\u0131\u011f\u0131, canl\u0131 emosiyalar ya\u015fad\u0131\u011f\u0131 v\u0259 \u00f6z\u00fcn\u0259inaml\u0131 oldu\u011fu \u015f\u00fcurlu \u0259yl\u0259nc\u0259 kimi bax\u0131r\u0131q. Psixoloji v\u0259 maliyy\u0259 rifah\u0131na qay\u011f\u0131 g\u00f6st\u0259rm\u0259k sad\u0259c\u0259 bir qayda deyil, f\u0259ls\u0259f\u0259mizdir. Diqq\u0259tli Yana\u015fma v\u0259 Maarifl\u0259ndirm\u0259 Biz inan\u0131r\u0131q ki, qumara sa\u011flam yana\u015fma maarifl\u0259ndirm\u0259d\u0259n ba\u015flay\u0131r. [&hellip;]\" \/>\n<meta property=\"og:url\" content=\"https:\/\/bookmaker-casino-online.top\/az\/m\u0259suliyy\u0259tli-oyunlar\/\" \/>\n<meta property=\"og:site_name\" content=\"bookmaker-casino-online.top\" \/>\n<meta name=\"twitter:card\" content=\"summary_large_image\" \/>\n<script type=\"application\/ld+json\" class=\"yoast-schema-graph\">{\"@context\":\"https:\/\/schema.org\",\"@graph\":[{\"@type\":\"WebPage\",\"@id\":\"https:\/\/bookmaker-casino-online.top\/az\/m%c9%99suliyy%c9%99tli-oyunlar\/\",\"url\":\"https:\/\/bookmaker-casino-online.top\/az\/m%c9%99suliyy%c9%99tli-oyunlar\/\",\"name\":\"M\u0259suliyy\u0259tli Oyunlar | 1xbet\",\"isPartOf\":{\"@id\":\"https:\/\/bookmaker-casino-online.top\/#website\"},\"datePublished\":\"2025-11-10T13:50:04+00:00\",\"breadcrumb\":{\"@id\":\"https:\/\/bookmaker-casino-online.top\/az\/m%c9%99suliyy%c9%99tli-oyunlar\/#breadcrumb\"},\"inLanguage\":\"ru-RU\",\"potentialAction\":[{\"@type\":\"ReadAction\",\"target\":[\"https:\/\/bookmaker-casino-online.top\/az\/m%c9%99suliyy%c9%99tli-oyunlar\/\"]}]},{\"@type\":\"BreadcrumbList\",\"@id\":\"https:\/\/bookmaker-casino-online.top\/az\/m%c9%99suliyy%c9%99tli-oyunlar\/#breadcrumb\",\"itemListElement\":[{\"@type\":\"ListItem\",\"position\":1,\"name\":\"\u0413\u043b\u0430\u0432\u043d\u0430\u044f \u0441\u0442\u0440\u0430\u043d\u0438\u0446\u0430\",\"item\":\"https:\/\/bookmaker-casino-online.top\/\"},{\"@type\":\"ListItem\",\"position\":2,\"name\":\"M\u0259suliyy\u0259tli Oyunlar\"}]},{\"@type\":\"WebSite\",\"@id\":\"https:\/\/bookmaker-casino-online.top\/#website\",\"url\":\"https:\/\/bookmaker-casino-online.top\/\",\"name\":\"bookmaker-casino-online.top\",\"description\":\"\",\"potentialAction\":[{\"@type\":\"SearchAction\",\"target\":{\"@type\":\"EntryPoint\",\"urlTemplate\":\"https:\/\/bookmaker-casino-online.top\/?s={search_term_string}\"},\"query-input\":{\"@type\":\"PropertyValueSpecification\",\"valueRequired\":true,\"valueName\":\"search_term_string\"}}],\"inLanguage\":\"ru-RU\"}]}<\/script>\n<!-- \/ Yoast SEO plugin. -->","yoast_head_json":{"title":"M\u0259suliyy\u0259tli Oyunlar | 1xbet","robots":{"index":"index","follow":"follow","max-snippet":"max-snippet:-1","max-image-preview":"max-image-preview:large","max-video-preview":"max-video-preview:-1"},"canonical":"https:\/\/bookmaker-casino-online.top\/az\/m\u0259suliyy\u0259tli-oyunlar\/","og_locale":"ru_RU","og_type":"article","og_title":"M\u0259suliyy\u0259tli Oyunlar | 1xbet","og_description":"M\u0259suliyy\u0259tli Oyunlar Platformam\u0131zda m\u0259suliyy\u0259tli oyunlar formall\u0131q deyil, etibar, rahatl\u0131q v\u0259 istifad\u0259\u00e7i z\u00f6vq\u00fc yaradan \u0259sas prinsipdir. Biz qumara h\u0259r bir oyun\u00e7unun n\u0259zar\u0259td\u0259 qald\u0131\u011f\u0131, canl\u0131 emosiyalar ya\u015fad\u0131\u011f\u0131 v\u0259 \u00f6z\u00fcn\u0259inaml\u0131 oldu\u011fu \u015f\u00fcurlu \u0259yl\u0259nc\u0259 kimi bax\u0131r\u0131q. Psixoloji v\u0259 maliyy\u0259 rifah\u0131na qay\u011f\u0131 g\u00f6st\u0259rm\u0259k sad\u0259c\u0259 bir qayda deyil, f\u0259ls\u0259f\u0259mizdir. Diqq\u0259tli Yana\u015fma v\u0259 Maarifl\u0259ndirm\u0259 Biz inan\u0131r\u0131q ki, qumara sa\u011flam yana\u015fma maarifl\u0259ndirm\u0259d\u0259n ba\u015flay\u0131r. [&hellip;]","og_url":"https:\/\/bookmaker-casino-online.top\/az\/m\u0259suliyy\u0259tli-oyunlar\/","og_site_name":"bookmaker-casino-online.top","twitter_card":"summary_large_image","schema":{"@context":"https:\/\/schema.org","@graph":[{"@type":"WebPage","@id":"https:\/\/bookmaker-casino-online.top\/az\/m%c9%99suliyy%c9%99tli-oyunlar\/","url":"https:\/\/bookmaker-casino-online.top\/az\/m%c9%99suliyy%c9%99tli-oyunlar\/","name":"M\u0259suliyy\u0259tli Oyunlar | 1xbet","isPartOf":{"@id":"https:\/\/bookmaker-casino-online.top\/#website"},"datePublished":"2025-11-10T13:50:04+00:00","breadcrumb":{"@id":"https:\/\/bookmaker-casino-online.top\/az\/m%c9%99suliyy%c9%99tli-oyunlar\/#breadcrumb"},"inLanguage":"ru-RU","potentialAction":[{"@type":"ReadAction","target":["https:\/\/bookmaker-casino-online.top\/az\/m%c9%99suliyy%c9%99tli-oyunlar\/"]}]},{"@type":"BreadcrumbList","@id":"https:\/\/bookmaker-casino-online.top\/az\/m%c9%99suliyy%c9%99tli-oyunlar\/#breadcrumb","itemListElement":[{"@type":"ListItem","position":1,"name":"\u0413\u043b\u0430\u0432\u043d\u0430\u044f \u0441\u0442\u0440\u0430\u043d\u0438\u0446\u0430","item":"https:\/\/bookmaker-casino-online.top\/"},{"@type":"ListItem","position":2,"name":"M\u0259suliyy\u0259tli Oyunlar"}]},{"@type":"WebSite","@id":"https:\/\/bookmaker-casino-online.top\/#website","url":"https:\/\/bookmaker-casino-online.top\/","name":"bookmaker-casino-online.top","description":"","potentialAction":[{"@type":"SearchAction","target":{"@type":"EntryPoint","urlTemplate":"https:\/\/bookmaker-casino-online.top\/?s={search_term_string}"},"query-input":{"@type":"PropertyValueSpecification","valueRequired":true,"valueName":"search_term_string"}}],"inLanguage":"ru-RU"}]}},"amp_enabled":true,"_links":{"self":[{"href":"https:\/\/bookmaker-casino-online.top\/wp-json\/wp\/v2\/pages\/2199","targetHints":{"allow":["GET"]}}],"collection":[{"href":"https:\/\/bookmaker-casino-online.top\/wp-json\/wp\/v2\/pages"}],"about":[{"href":"https:\/\/bookmaker-casino-online.top\/wp-json\/wp\/v2\/types\/page"}],"author":[{"embeddable":true,"href":"https:\/\/bookmaker-casino-online.top\/wp-json\/wp\/v2\/users\/1"}],"replies":[{"embeddable":true,"href":"https:\/\/bookmaker-casino-online.top\/wp-json\/wp\/v2\/comments?post=2199"}],"version-history":[{"count":1,"href":"https:\/\/bookmaker-casino-online.top\/wp-json\/wp\/v2\/pages\/2199\/revisions"}],"predecessor-version":[{"id":2200,"href":"https:\/\/bookmaker-casino-online.top\/wp-json\/wp\/v2\/pages\/2199\/revisions\/2200"}],"wp:attachment":[{"href":"https:\/\/bookmaker-casino-online.top\/wp-json\/wp\/v2\/media?parent=2199"}],"curies":[{"name":"wp","href":"https:\/\/api.w.org\/{rel}","templated":true}]}}