{"id":2197,"date":"2025-11-10T15:49:09","date_gmt":"2025-11-10T13:49:09","guid":{"rendered":"https:\/\/bookmaker-casino-online.top\/?page_id=2197"},"modified":"2025-11-10T15:49:09","modified_gmt":"2025-11-10T13:49:09","slug":"haqqimizda","status":"publish","type":"page","link":"https:\/\/bookmaker-casino-online.top\/az\/haqqimizda\/","title":{"rendered":"Haqq\u0131m\u0131zda"},"content":{"rendered":"<h1>Haqq\u0131m\u0131zda<\/h1>\n<p>Kazinomuz h\u0259y\u0259can\u0131n innovativ texnologiya il\u0259 qar\u015f\u0131la\u015fd\u0131\u011f\u0131 v\u0259 h\u0259r oyun an\u0131n unudulmaz bir t\u0259cr\u00fcb\u0259y\u0259 \u00e7evrildiyi bir yerdir. Biz \u0259dal\u0259tin, t\u0259hl\u00fck\u0259sizliyin v\u0259 oyun\u00e7u etibar\u0131n\u0131n h\u0259mi\u015f\u0259 prioritet oldu\u011fu bir atmosfer yarad\u0131r\u0131q. Bizim \u00fc\u00e7\u00fcn oyunlar sad\u0259c\u0259 \u0259yl\u0259nc\u0259d\u0259n daha \u00e7ox, canl\u0131 t\u0259\u0259ss\u00fcratlar v\u0259 t\u0259hl\u00fck\u0259sizlik hissi il\u0259 dolu x\u00fcsusi bir t\u0259cr\u00fcb\u0259dir.<\/p>\n<h3>Etibarl\u0131l\u0131q v\u0259 T\u0259hl\u00fck\u0259sizlik Bizim Prioritetl\u0259rimizdir<\/h3>\n<p>\u0130nan\u0131r\u0131q ki, yaln\u0131z sabitlik v\u0259 informasiya t\u0259hl\u00fck\u0259sizliyi davaml\u0131 etimad yarada bil\u0259r. Buna g\u00f6r\u0259 d\u0259 kazinomuz a\u015fa\u011f\u0131dak\u0131lar\u0131 t\u0259tbiq edir:<\/p>\n<ul>\n<li>m\u0259lumat t\u0259hl\u00fck\u0259sizliyini t\u0259min ed\u0259n m\u00fcasir \u015fifr\u0259l\u0259m\u0259 metodlar\u0131;<\/li>\n<li>\u0259dal\u0259tli n\u0259tic\u0259l\u0259r t\u0259min ed\u0259n sertifikatla\u015fd\u0131r\u0131lm\u0131\u015f oyun alqoritml\u0259ri;<\/li>\n<li>u\u011fursuzluqlar\u0131n qar\u015f\u0131s\u0131n\u0131 almaq \u00fc\u00e7\u00fcn 24\/7 monitorinq;<\/li>\n<li>\u0259m\u0259kda\u015fl\u0131q etm\u0259zd\u0259n \u0259vv\u0259l t\u0259r\u0259fda\u015flar\u0131n v\u0259 t\u0259chizat\u00e7\u0131lar\u0131n diqq\u0259tl\u0259 se\u00e7ilm\u0259si.<\/li>\n<\/ul>\n<h3>H\u0259r detalda oyun\u00e7u rahatl\u0131\u011f\u0131<\/h3>\n<p>Oyunu asan v\u0259 rahat etm\u0259k v\u0259 h\u0259r h\u0259r\u0259k\u0259ti xo\u015f etm\u0259k \u00fc\u00e7\u00fcn \u0259limizd\u0259n g\u0259l\u0259ni edirik. Buna nail olmaq \u00fc\u00e7\u00fcn kazinolar\u0131m\u0131z a\u015fa\u011f\u0131dak\u0131lar\u0131 t\u0259klif edir:<\/p>\n<ul>\n<li>yeni ba\u015flayanlar \u00fc\u00e7\u00fcn bel\u0259 istifad\u0259si asan olan intuitiv interfeys;<\/li>\n<li>fasil\u0259siz s\u00fcr\u0259tli v\u0259 sabit i\u015fl\u0259m\u0259;<\/li>\n<li>ist\u0259nil\u0259n cihaz \u00fc\u00e7\u00fcn cavabdeh dizayn;<\/li>\n<li>24\/7 d\u0259st\u0259k, h\u0259mi\u015f\u0259 k\u00f6m\u0259k etm\u0259y\u0259 haz\u0131rd\u0131r.<\/li>\n<\/ul>\n<h3>S\u0259xav\u0259t f\u0259ls\u0259f\u0259mizin bir hiss\u0259si kimi<\/h3>\n<p>Bizim \u00fc\u00e7\u00fcn bonuslar marketinq hiyl\u0259si deyil, oyunu daha da h\u0259y\u0259canland\u0131ran bir prinsipdir. Oyun\u00e7ular\u0131m\u0131z a\u015fa\u011f\u0131dak\u0131lar\u0131 al\u0131rlar:<\/p>\n<ul>\n<li>yeni \u00fczvl\u0259r \u00fc\u00e7\u00fcn xo\u015f g\u0259lmisiniz t\u0259klifl\u0259ri;<\/li>\n<li>g\u0259lirli loyall\u0131q proqramlar\u0131;<\/li>\n<li>m\u00fcnt\u0259z\u0259m promosyonlar v\u0259 x\u00fcsusi t\u0259dbirl\u0259r;<\/li>\n<li>h\u0259y\u0259can\u0131 art\u0131ran h\u0259diyy\u0259l\u0259r v\u0259 \u0259lav\u0259 m\u00fckafatlar.<\/li>\n<\/ul>\n<h3>Bir icma v\u0259 emosiyalar m\u0259nb\u0259yi kimi kazino<\/h3>\n<p>Kazinolar\u0131m\u0131z sad\u0259c\u0259 bir xidm\u0259td\u0259n daha \u00e7ox \u015feydir. Bu, ehtiras, yeni t\u0259cr\u00fcb\u0259l\u0259r arzusu v\u0259 \u0259dal\u0259tli oyuna sadiqlik il\u0259 birl\u0259\u015f\u0259n insanlar icmas\u0131d\u0131r. Burada qalib g\u0259lm\u0259k sevinc m\u0259nb\u0259yin\u0259 \u00e7evrilir v\u0259 h\u0259r oyun sessiyas\u0131 oyun\u00e7unun \u00f6z\u00fc t\u0259r\u0259find\u0259n yarad\u0131lan unikal bir hekay\u0259nin bir hiss\u0259sin\u0259 \u00e7evrilir.<\/p>\n<h3>\u018flaq\u0259<\/h3>\n<p>\u00dcnvan: N\u0259vai k\u00fc\u00e7\u0259si<\/p>\n<p>Telefon: +998 (90) 512-84-27<\/p>\n<p>E-po\u00e7t: support@<\/p>\n","protected":false},"excerpt":{"rendered":"<p>Haqq\u0131m\u0131zda Kazinomuz h\u0259y\u0259can\u0131n innovativ texnologiya il\u0259 qar\u015f\u0131la\u015fd\u0131\u011f\u0131 v\u0259 h\u0259r oyun an\u0131n unudulmaz bir t\u0259cr\u00fcb\u0259y\u0259 \u00e7evrildiyi bir yerdir. Biz \u0259dal\u0259tin, t\u0259hl\u00fck\u0259sizliyin v\u0259 oyun\u00e7u etibar\u0131n\u0131n h\u0259mi\u015f\u0259 prioritet oldu\u011fu bir atmosfer yarad\u0131r\u0131q. Bizim \u00fc\u00e7\u00fcn oyunlar sad\u0259c\u0259 \u0259yl\u0259nc\u0259d\u0259n daha \u00e7ox, canl\u0131 t\u0259\u0259ss\u00fcratlar v\u0259 t\u0259hl\u00fck\u0259sizlik hissi il\u0259 dolu x\u00fcsusi bir t\u0259cr\u00fcb\u0259dir. Etibarl\u0131l\u0131q v\u0259 T\u0259hl\u00fck\u0259sizlik Bizim Prioritetl\u0259rimizdir \u0130nan\u0131r\u0131q ki, yaln\u0131z sabitlik [&hellip;]<\/p>\n","protected":false},"author":1,"featured_media":0,"parent":0,"menu_order":0,"comment_status":"closed","ping_status":"closed","template":"","meta":{"_acf_changed":false,"footnotes":""},"class_list":["post-2197","page","type-page","status-publish","hentry"],"acf":[],"yoast_head":"<!-- This site is optimized with the Yoast SEO plugin v26.9 - https:\/\/yoast.com\/product\/yoast-seo-wordpress\/ -->\n<title>Haqq\u0131m\u0131zda | 1xbet<\/title>\n<meta name=\"robots\" content=\"index, follow, max-snippet:-1, max-image-preview:large, max-video-preview:-1\" \/>\n<link rel=\"canonical\" href=\"https:\/\/bookmaker-casino-online.top\/az\/haqqimizda\/\" \/>\n<meta property=\"og:locale\" content=\"ru_RU\" \/>\n<meta property=\"og:type\" content=\"article\" \/>\n<meta property=\"og:title\" content=\"Haqq\u0131m\u0131zda | 1xbet\" \/>\n<meta property=\"og:description\" content=\"Haqq\u0131m\u0131zda Kazinomuz h\u0259y\u0259can\u0131n innovativ texnologiya il\u0259 qar\u015f\u0131la\u015fd\u0131\u011f\u0131 v\u0259 h\u0259r oyun an\u0131n unudulmaz bir t\u0259cr\u00fcb\u0259y\u0259 \u00e7evrildiyi bir yerdir. Biz \u0259dal\u0259tin, t\u0259hl\u00fck\u0259sizliyin v\u0259 oyun\u00e7u etibar\u0131n\u0131n h\u0259mi\u015f\u0259 prioritet oldu\u011fu bir atmosfer yarad\u0131r\u0131q. Bizim \u00fc\u00e7\u00fcn oyunlar sad\u0259c\u0259 \u0259yl\u0259nc\u0259d\u0259n daha \u00e7ox, canl\u0131 t\u0259\u0259ss\u00fcratlar v\u0259 t\u0259hl\u00fck\u0259sizlik hissi il\u0259 dolu x\u00fcsusi bir t\u0259cr\u00fcb\u0259dir. Etibarl\u0131l\u0131q v\u0259 T\u0259hl\u00fck\u0259sizlik Bizim Prioritetl\u0259rimizdir \u0130nan\u0131r\u0131q ki, yaln\u0131z sabitlik [&hellip;]\" \/>\n<meta property=\"og:url\" content=\"https:\/\/bookmaker-casino-online.top\/az\/haqqimizda\/\" \/>\n<meta property=\"og:site_name\" content=\"bookmaker-casino-online.top\" \/>\n<meta name=\"twitter:card\" content=\"summary_large_image\" \/>\n<script type=\"application\/ld+json\" class=\"yoast-schema-graph\">{\"@context\":\"https:\/\/schema.org\",\"@graph\":[{\"@type\":\"WebPage\",\"@id\":\"https:\/\/bookmaker-casino-online.top\/az\/haqqimizda\/\",\"url\":\"https:\/\/bookmaker-casino-online.top\/az\/haqqimizda\/\",\"name\":\"Haqq\u0131m\u0131zda | 1xbet\",\"isPartOf\":{\"@id\":\"https:\/\/bookmaker-casino-online.top\/#website\"},\"datePublished\":\"2025-11-10T13:49:09+00:00\",\"breadcrumb\":{\"@id\":\"https:\/\/bookmaker-casino-online.top\/az\/haqqimizda\/#breadcrumb\"},\"inLanguage\":\"ru-RU\",\"potentialAction\":[{\"@type\":\"ReadAction\",\"target\":[\"https:\/\/bookmaker-casino-online.top\/az\/haqqimizda\/\"]}]},{\"@type\":\"BreadcrumbList\",\"@id\":\"https:\/\/bookmaker-casino-online.top\/az\/haqqimizda\/#breadcrumb\",\"itemListElement\":[{\"@type\":\"ListItem\",\"position\":1,\"name\":\"\u0413\u043b\u0430\u0432\u043d\u0430\u044f \u0441\u0442\u0440\u0430\u043d\u0438\u0446\u0430\",\"item\":\"https:\/\/bookmaker-casino-online.top\/\"},{\"@type\":\"ListItem\",\"position\":2,\"name\":\"Haqq\u0131m\u0131zda\"}]},{\"@type\":\"WebSite\",\"@id\":\"https:\/\/bookmaker-casino-online.top\/#website\",\"url\":\"https:\/\/bookmaker-casino-online.top\/\",\"name\":\"bookmaker-casino-online.top\",\"description\":\"\",\"potentialAction\":[{\"@type\":\"SearchAction\",\"target\":{\"@type\":\"EntryPoint\",\"urlTemplate\":\"https:\/\/bookmaker-casino-online.top\/?s={search_term_string}\"},\"query-input\":{\"@type\":\"PropertyValueSpecification\",\"valueRequired\":true,\"valueName\":\"search_term_string\"}}],\"inLanguage\":\"ru-RU\"}]}<\/script>\n<!-- \/ Yoast SEO plugin. -->","yoast_head_json":{"title":"Haqq\u0131m\u0131zda | 1xbet","robots":{"index":"index","follow":"follow","max-snippet":"max-snippet:-1","max-image-preview":"max-image-preview:large","max-video-preview":"max-video-preview:-1"},"canonical":"https:\/\/bookmaker-casino-online.top\/az\/haqqimizda\/","og_locale":"ru_RU","og_type":"article","og_title":"Haqq\u0131m\u0131zda | 1xbet","og_description":"Haqq\u0131m\u0131zda Kazinomuz h\u0259y\u0259can\u0131n innovativ texnologiya il\u0259 qar\u015f\u0131la\u015fd\u0131\u011f\u0131 v\u0259 h\u0259r oyun an\u0131n unudulmaz bir t\u0259cr\u00fcb\u0259y\u0259 \u00e7evrildiyi bir yerdir. Biz \u0259dal\u0259tin, t\u0259hl\u00fck\u0259sizliyin v\u0259 oyun\u00e7u etibar\u0131n\u0131n h\u0259mi\u015f\u0259 prioritet oldu\u011fu bir atmosfer yarad\u0131r\u0131q. Bizim \u00fc\u00e7\u00fcn oyunlar sad\u0259c\u0259 \u0259yl\u0259nc\u0259d\u0259n daha \u00e7ox, canl\u0131 t\u0259\u0259ss\u00fcratlar v\u0259 t\u0259hl\u00fck\u0259sizlik hissi il\u0259 dolu x\u00fcsusi bir t\u0259cr\u00fcb\u0259dir. Etibarl\u0131l\u0131q v\u0259 T\u0259hl\u00fck\u0259sizlik Bizim Prioritetl\u0259rimizdir \u0130nan\u0131r\u0131q ki, yaln\u0131z sabitlik [&hellip;]","og_url":"https:\/\/bookmaker-casino-online.top\/az\/haqqimizda\/","og_site_name":"bookmaker-casino-online.top","twitter_card":"summary_large_image","schema":{"@context":"https:\/\/schema.org","@graph":[{"@type":"WebPage","@id":"https:\/\/bookmaker-casino-online.top\/az\/haqqimizda\/","url":"https:\/\/bookmaker-casino-online.top\/az\/haqqimizda\/","name":"Haqq\u0131m\u0131zda | 1xbet","isPartOf":{"@id":"https:\/\/bookmaker-casino-online.top\/#website"},"datePublished":"2025-11-10T13:49:09+00:00","breadcrumb":{"@id":"https:\/\/bookmaker-casino-online.top\/az\/haqqimizda\/#breadcrumb"},"inLanguage":"ru-RU","potentialAction":[{"@type":"ReadAction","target":["https:\/\/bookmaker-casino-online.top\/az\/haqqimizda\/"]}]},{"@type":"BreadcrumbList","@id":"https:\/\/bookmaker-casino-online.top\/az\/haqqimizda\/#breadcrumb","itemListElement":[{"@type":"ListItem","position":1,"name":"\u0413\u043b\u0430\u0432\u043d\u0430\u044f \u0441\u0442\u0440\u0430\u043d\u0438\u0446\u0430","item":"https:\/\/bookmaker-casino-online.top\/"},{"@type":"ListItem","position":2,"name":"Haqq\u0131m\u0131zda"}]},{"@type":"WebSite","@id":"https:\/\/bookmaker-casino-online.top\/#website","url":"https:\/\/bookmaker-casino-online.top\/","name":"bookmaker-casino-online.top","description":"","potentialAction":[{"@type":"SearchAction","target":{"@type":"EntryPoint","urlTemplate":"https:\/\/bookmaker-casino-online.top\/?s={search_term_string}"},"query-input":{"@type":"PropertyValueSpecification","valueRequired":true,"valueName":"search_term_string"}}],"inLanguage":"ru-RU"}]}},"amp_enabled":true,"_links":{"self":[{"href":"https:\/\/bookmaker-casino-online.top\/wp-json\/wp\/v2\/pages\/2197","targetHints":{"allow":["GET"]}}],"collection":[{"href":"https:\/\/bookmaker-casino-online.top\/wp-json\/wp\/v2\/pages"}],"about":[{"href":"https:\/\/bookmaker-casino-online.top\/wp-json\/wp\/v2\/types\/page"}],"author":[{"embeddable":true,"href":"https:\/\/bookmaker-casino-online.top\/wp-json\/wp\/v2\/users\/1"}],"replies":[{"embeddable":true,"href":"https:\/\/bookmaker-casino-online.top\/wp-json\/wp\/v2\/comments?post=2197"}],"version-history":[{"count":1,"href":"https:\/\/bookmaker-casino-online.top\/wp-json\/wp\/v2\/pages\/2197\/revisions"}],"predecessor-version":[{"id":2198,"href":"https:\/\/bookmaker-casino-online.top\/wp-json\/wp\/v2\/pages\/2197\/revisions\/2198"}],"wp:attachment":[{"href":"https:\/\/bookmaker-casino-online.top\/wp-json\/wp\/v2\/media?parent=2197"}],"curies":[{"name":"wp","href":"https:\/\/api.w.org\/{rel}","templated":true}]}}