{"id":2191,"date":"2025-11-07T11:57:21","date_gmt":"2025-11-07T09:57:21","guid":{"rendered":"https:\/\/bookmaker-casino-online.top\/?page_id=2191"},"modified":"2026-02-04T14:11:45","modified_gmt":"2026-02-04T12:11:45","slug":"2191-2","status":"publish","type":"page","link":"https:\/\/bookmaker-casino-online.top\/az\/","title":{"rendered":""},"content":{"rendered":"","protected":false},"excerpt":{"rendered":"","protected":false},"author":1,"featured_media":0,"parent":0,"menu_order":0,"comment_status":"closed","ping_status":"closed","template":"home-new.php","meta":{"_acf_changed":false,"footnotes":""},"class_list":["post-2191","page","type-page","status-publish","hentry"],"acf":[],"yoast_head":"<!-- This site is optimized with the Yoast SEO plugin v26.9 - https:\/\/yoast.com\/product\/yoast-seo-wordpress\/ -->\n<title>1xbet giri\u015f \u2013 1xbet azerbaycan t\u0259tbiqini y\u00fckl\u0259yin v\u0259 mobil m\u0259rcd\u0259n h\u0259zz al\u0131n indi rahat<\/title>\n<meta name=\"description\" content=\"1xbet giri\u015f v\u0259 1xbet azerbaycan t\u0259tbiqi il\u0259 idman m\u0259rcl\u0259ri, canl\u0131 oyunlar v\u0259 bonuslardan istifad\u0259 edin. Android v\u0259 iOS \u00fc\u00e7\u00fcn 1xbet mobi y\u00fckl\u0259yin v\u0259 rahat oynay\u0131n, h\u0259r yerd\u0259 \u0259yl\u0259nin b\u00f6y\u00fck qalibl\u0259r s\u0131ras\u0131na qo\u015fulun.\" \/>\n<meta name=\"robots\" content=\"index, follow, max-snippet:-1, max-image-preview:large, max-video-preview:-1\" \/>\n<link rel=\"canonical\" href=\"https:\/\/bookmaker-casino-online.top\/az\/\" \/>\n<meta property=\"og:locale\" content=\"ru_RU\" \/>\n<meta property=\"og:type\" content=\"article\" \/>\n<meta property=\"og:title\" content=\"1xbet giri\u015f \u2013 1xbet azerbaycan t\u0259tbiqini y\u00fckl\u0259yin v\u0259 mobil m\u0259rcd\u0259n h\u0259zz al\u0131n indi rahat\" \/>\n<meta property=\"og:description\" content=\"1xbet giri\u015f v\u0259 1xbet azerbaycan t\u0259tbiqi il\u0259 idman m\u0259rcl\u0259ri, canl\u0131 oyunlar v\u0259 bonuslardan istifad\u0259 edin. Android v\u0259 iOS \u00fc\u00e7\u00fcn 1xbet mobi y\u00fckl\u0259yin v\u0259 rahat oynay\u0131n, h\u0259r yerd\u0259 \u0259yl\u0259nin b\u00f6y\u00fck qalibl\u0259r s\u0131ras\u0131na qo\u015fulun.\" \/>\n<meta property=\"og:url\" content=\"https:\/\/bookmaker-casino-online.top\/az\/\" \/>\n<meta property=\"og:site_name\" content=\"bookmaker-casino-online.top\" \/>\n<meta property=\"article:modified_time\" content=\"2026-02-04T12:11:45+00:00\" \/>\n<meta name=\"twitter:card\" content=\"summary_large_image\" \/>\n<script type=\"application\/ld+json\" class=\"yoast-schema-graph\">{\"@context\":\"https:\/\/schema.org\",\"@graph\":[{\"@type\":\"WebPage\",\"@id\":\"https:\/\/bookmaker-casino-online.top\/az\/\",\"url\":\"https:\/\/bookmaker-casino-online.top\/az\/\",\"name\":\"1xbet giri\u015f \u2013 1xbet azerbaycan t\u0259tbiqini y\u00fckl\u0259yin v\u0259 mobil m\u0259rcd\u0259n h\u0259zz al\u0131n indi rahat\",\"isPartOf\":{\"@id\":\"https:\/\/bookmaker-casino-online.top\/#website\"},\"datePublished\":\"2025-11-07T09:57:21+00:00\",\"dateModified\":\"2026-02-04T12:11:45+00:00\",\"description\":\"1xbet giri\u015f v\u0259 1xbet azerbaycan t\u0259tbiqi il\u0259 idman m\u0259rcl\u0259ri, canl\u0131 oyunlar v\u0259 bonuslardan istifad\u0259 edin. Android v\u0259 iOS \u00fc\u00e7\u00fcn 1xbet mobi y\u00fckl\u0259yin v\u0259 rahat oynay\u0131n, h\u0259r yerd\u0259 \u0259yl\u0259nin b\u00f6y\u00fck qalibl\u0259r s\u0131ras\u0131na qo\u015fulun.\",\"inLanguage\":\"ru-RU\",\"potentialAction\":[{\"@type\":\"ReadAction\",\"target\":[\"https:\/\/bookmaker-casino-online.top\/az\/\"]}]},{\"@type\":\"WebSite\",\"@id\":\"https:\/\/bookmaker-casino-online.top\/#website\",\"url\":\"https:\/\/bookmaker-casino-online.top\/\",\"name\":\"bookmaker-casino-online.top\",\"description\":\"\",\"potentialAction\":[{\"@type\":\"SearchAction\",\"target\":{\"@type\":\"EntryPoint\",\"urlTemplate\":\"https:\/\/bookmaker-casino-online.top\/?s={search_term_string}\"},\"query-input\":{\"@type\":\"PropertyValueSpecification\",\"valueRequired\":true,\"valueName\":\"search_term_string\"}}],\"inLanguage\":\"ru-RU\"}]}<\/script>\n<!-- \/ Yoast SEO plugin. -->","yoast_head_json":{"title":"1xbet giri\u015f \u2013 1xbet azerbaycan t\u0259tbiqini y\u00fckl\u0259yin v\u0259 mobil m\u0259rcd\u0259n h\u0259zz al\u0131n indi rahat","description":"1xbet giri\u015f v\u0259 1xbet azerbaycan t\u0259tbiqi il\u0259 idman m\u0259rcl\u0259ri, canl\u0131 oyunlar v\u0259 bonuslardan istifad\u0259 edin. Android v\u0259 iOS \u00fc\u00e7\u00fcn 1xbet mobi y\u00fckl\u0259yin v\u0259 rahat oynay\u0131n, h\u0259r yerd\u0259 \u0259yl\u0259nin b\u00f6y\u00fck qalibl\u0259r s\u0131ras\u0131na qo\u015fulun.","robots":{"index":"index","follow":"follow","max-snippet":"max-snippet:-1","max-image-preview":"max-image-preview:large","max-video-preview":"max-video-preview:-1"},"canonical":"https:\/\/bookmaker-casino-online.top\/az\/","og_locale":"ru_RU","og_type":"article","og_title":"1xbet giri\u015f \u2013 1xbet azerbaycan t\u0259tbiqini y\u00fckl\u0259yin v\u0259 mobil m\u0259rcd\u0259n h\u0259zz al\u0131n indi rahat","og_description":"1xbet giri\u015f v\u0259 1xbet azerbaycan t\u0259tbiqi il\u0259 idman m\u0259rcl\u0259ri, canl\u0131 oyunlar v\u0259 bonuslardan istifad\u0259 edin. Android v\u0259 iOS \u00fc\u00e7\u00fcn 1xbet mobi y\u00fckl\u0259yin v\u0259 rahat oynay\u0131n, h\u0259r yerd\u0259 \u0259yl\u0259nin b\u00f6y\u00fck qalibl\u0259r s\u0131ras\u0131na qo\u015fulun.","og_url":"https:\/\/bookmaker-casino-online.top\/az\/","og_site_name":"bookmaker-casino-online.top","article_modified_time":"2026-02-04T12:11:45+00:00","twitter_card":"summary_large_image","schema":{"@context":"https:\/\/schema.org","@graph":[{"@type":"WebPage","@id":"https:\/\/bookmaker-casino-online.top\/az\/","url":"https:\/\/bookmaker-casino-online.top\/az\/","name":"1xbet giri\u015f \u2013 1xbet azerbaycan t\u0259tbiqini y\u00fckl\u0259yin v\u0259 mobil m\u0259rcd\u0259n h\u0259zz al\u0131n indi rahat","isPartOf":{"@id":"https:\/\/bookmaker-casino-online.top\/#website"},"datePublished":"2025-11-07T09:57:21+00:00","dateModified":"2026-02-04T12:11:45+00:00","description":"1xbet giri\u015f v\u0259 1xbet azerbaycan t\u0259tbiqi il\u0259 idman m\u0259rcl\u0259ri, canl\u0131 oyunlar v\u0259 bonuslardan istifad\u0259 edin. Android v\u0259 iOS \u00fc\u00e7\u00fcn 1xbet mobi y\u00fckl\u0259yin v\u0259 rahat oynay\u0131n, h\u0259r yerd\u0259 \u0259yl\u0259nin b\u00f6y\u00fck qalibl\u0259r s\u0131ras\u0131na qo\u015fulun.","inLanguage":"ru-RU","potentialAction":[{"@type":"ReadAction","target":["https:\/\/bookmaker-casino-online.top\/az\/"]}]},{"@type":"WebSite","@id":"https:\/\/bookmaker-casino-online.top\/#website","url":"https:\/\/bookmaker-casino-online.top\/","name":"bookmaker-casino-online.top","description":"","potentialAction":[{"@type":"SearchAction","target":{"@type":"EntryPoint","urlTemplate":"https:\/\/bookmaker-casino-online.top\/?s={search_term_string}"},"query-input":{"@type":"PropertyValueSpecification","valueRequired":true,"valueName":"search_term_string"}}],"inLanguage":"ru-RU"}]}},"amp_enabled":true,"_links":{"self":[{"href":"https:\/\/bookmaker-casino-online.top\/wp-json\/wp\/v2\/pages\/2191","targetHints":{"allow":["GET"]}}],"collection":[{"href":"https:\/\/bookmaker-casino-online.top\/wp-json\/wp\/v2\/pages"}],"about":[{"href":"https:\/\/bookmaker-casino-online.top\/wp-json\/wp\/v2\/types\/page"}],"author":[{"embeddable":true,"href":"https:\/\/bookmaker-casino-online.top\/wp-json\/wp\/v2\/users\/1"}],"replies":[{"embeddable":true,"href":"https:\/\/bookmaker-casino-online.top\/wp-json\/wp\/v2\/comments?post=2191"}],"version-history":[{"count":2,"href":"https:\/\/bookmaker-casino-online.top\/wp-json\/wp\/v2\/pages\/2191\/revisions"}],"predecessor-version":[{"id":2393,"href":"https:\/\/bookmaker-casino-online.top\/wp-json\/wp\/v2\/pages\/2191\/revisions\/2393"}],"wp:attachment":[{"href":"https:\/\/bookmaker-casino-online.top\/wp-json\/wp\/v2\/media?parent=2191"}],"curies":[{"name":"wp","href":"https:\/\/api.w.org\/{rel}","templated":true}]}}